{"id":82,"date":"2019-09-06T14:51:09","date_gmt":"2019-09-06T12:51:09","guid":{"rendered":"http:\/\/acdi-asso.fr\/?page_id=82"},"modified":"2019-09-11T20:56:32","modified_gmt":"2019-09-11T18:56:32","slug":"lequipe","status":"publish","type":"page","link":"https:\/\/acdi-asso.fr\/index.php\/lequipe\/","title":{"rendered":"L&rsquo;\u00e9quipe"},"content":{"rendered":"\n<div class=\"wp-block-image\"><figure class=\"alignleft\"><img loading=\"lazy\" decoding=\"async\" width=\"150\" height=\"150\" src=\"http:\/\/acdi-asso.fr\/wp-content\/uploads\/2019\/09\/denis.jpg\" alt=\"\" class=\"wp-image-29\"\/><\/figure><\/div>\n\n\n\n<p><strong>\ufeffDenis Rochefort<\/strong> \u2013 Pr\u00e9sident &#8211; Cofondateur Paragraphe <\/p>\n\n\n\n<p>Dipl\u00f4m\u00e9 de l\u2019ENSCI (Les Ateliers), Denis a \u00e9t\u00e9 pendant plus de 25 ans designer int\u00e9gr\u00e9 de la marque Camping Gaz (groupe Coleman). Il a cr\u00e9\u00e9 en 2012 un groupe de designers int\u00e9gr\u00e9s au sein de la F\u00e9di (syndicat professionnel). L\u2019objectif \u00e9tait de pouvoir \u00e9changer en toute simplicit\u00e9, avec un esprit d\u2019ouverture dans une ambiance conviviale. En 2018, suite \u00e0 un changement de cap de la F\u00e9DI, il fonde l\u2019acdi, une association sans affiliation, pour poursuivre les activit\u00e9s mises en place pour les designers int\u00e9gr\u00e9s.<\/p>\n\n\n\n<div class=\"wp-block-image\"><figure class=\"alignleft\"><img loading=\"lazy\" decoding=\"async\" width=\"150\" height=\"150\" src=\"http:\/\/acdi-asso.fr\/wp-content\/uploads\/2019\/09\/Annabelle.jpg\" alt=\"\" class=\"wp-image-141\"\/><\/figure><\/div>\n\n\n\n<p><strong>Annabelle Bourrelier <\/strong>&#8211; Secr\u00e9taire, tr\u00e9sori\u00e8re &#8211; Cofondatrice<\/p>\n\n\n\n<p>Dipl\u00f4m\u00e9e de l&rsquo;Ecole de Design Nantes Atlantique, Annabelle a travaill\u00e9 entre 1996 et 2000 pour le Centre du Design Rh\u00f4ne-Alpes ou elle a pu comprendre les particularit\u00e9s et les besoins des designers int\u00e9gr\u00e9s. En 2012 elle anime avec Denis le groupe designers int\u00e9gr\u00e9s au sein de la F\u00e9DI et co-fonde avec lui en 2018 l&rsquo;acdi. Leur volont\u00e9 : proposer aux designers int\u00e9gr\u00e9s une association ind\u00e9pendante dont l&rsquo;objectif est de continuer \u00e0 animer et d\u00e9velopper des activit\u00e9s sp\u00e9cifiques dans une ambiance conviviale.<\/p>\n","protected":false},"excerpt":{"rendered":"<p>\ufeffDenis Rochefort \u2013 Pr\u00e9sident &#8211; Cofondateur Paragraphe Dipl\u00f4m\u00e9 de l\u2019ENSCI (Les Ateliers), Denis a \u00e9t\u00e9 pendant plus de 25 ans designer int\u00e9gr\u00e9 de la marque Camping Gaz (groupe Coleman). Il a cr\u00e9\u00e9 en 2012 un groupe de designers int\u00e9gr\u00e9s au sein de la F\u00e9di (syndicat professionnel). L\u2019objectif \u00e9tait de pouvoir \u00e9changer en toute simplicit\u00e9, avec &hellip;<\/p>\n<p class=\"read-more\"> <a class=\"\" href=\"https:\/\/acdi-asso.fr\/index.php\/lequipe\/\"> <span class=\"screen-reader-text\">L&rsquo;\u00e9quipe<\/span> Lire la suite\u00a0\u00bb<\/a><\/p>\n","protected":false},"author":1,"featured_media":0,"parent":0,"menu_order":0,"comment_status":"closed","ping_status":"closed","template":"","meta":{"footnotes":""},"class_list":["post-82","page","type-page","status-publish","hentry"],"_links":{"self":[{"href":"https:\/\/acdi-asso.fr\/index.php\/wp-json\/wp\/v2\/pages\/82","targetHints":{"allow":["GET"]}}],"collection":[{"href":"https:\/\/acdi-asso.fr\/index.php\/wp-json\/wp\/v2\/pages"}],"about":[{"href":"https:\/\/acdi-asso.fr\/index.php\/wp-json\/wp\/v2\/types\/page"}],"author":[{"embeddable":true,"href":"https:\/\/acdi-asso.fr\/index.php\/wp-json\/wp\/v2\/users\/1"}],"replies":[{"embeddable":true,"href":"https:\/\/acdi-asso.fr\/index.php\/wp-json\/wp\/v2\/comments?post=82"}],"version-history":[{"count":4,"href":"https:\/\/acdi-asso.fr\/index.php\/wp-json\/wp\/v2\/pages\/82\/revisions"}],"predecessor-version":[{"id":145,"href":"https:\/\/acdi-asso.fr\/index.php\/wp-json\/wp\/v2\/pages\/82\/revisions\/145"}],"wp:attachment":[{"href":"https:\/\/acdi-asso.fr\/index.php\/wp-json\/wp\/v2\/media?parent=82"}],"curies":[{"name":"wp","href":"https:\/\/api.w.org\/{rel}","templated":true}]}}