{"id":748,"date":"2023-10-25T12:10:19","date_gmt":"2023-10-25T10:10:19","guid":{"rendered":"http:\/\/acdi-asso.fr\/?page_id=748"},"modified":"2025-09-29T10:50:01","modified_gmt":"2025-09-29T08:50:01","slug":"accompagnement","status":"publish","type":"page","link":"https:\/\/acdi-asso.fr\/index.php\/accompagnement\/","title":{"rendered":"Accompagnement"},"content":{"rendered":"\n<p>Vous vous posez des questions sur le design int\u00e9gr\u00e9, en r\u00e8gle g\u00e9n\u00e9rale.<\/p>\n\n\n\n<p>Vous vous posez des questions sur la valeur ajout\u00e9e d\u2019une telle structure.<\/p>\n\n\n\n<p>Vous \u00eates convaincu de la pertinence du design int\u00e9gr\u00e9, mais vous vous questionnez sur la mise en place d\u2019une structure.<\/p>\n\n\n\n<p>Vous avez d\u00e9j\u00e0 du design int\u00e9gr\u00e9, mais vous vous voulez le faire \u00e9voluer.<\/p>\n\n\n\n<p>Nous vous proposons un audit d&rsquo;une demi journ\u00e9e<\/p>\n\n\n\n<p>Pour en savoir plus sur le design en interne : <\/p>\n\n\n\n<figure class=\"wp-block-image size-full is-resized\"><a href=\"http:\/\/acdi-asso.fr\/wp-content\/uploads\/2025\/09\/offre-audit.pdf\" target=\"_blank\" rel=\"noreferrer noopener\"><img loading=\"lazy\" decoding=\"async\" width=\"709\" height=\"709\" src=\"http:\/\/acdi-asso.fr\/wp-content\/uploads\/2025\/09\/identite-audit-interne.png\" alt=\"\" class=\"wp-image-1062\" style=\"width:400px;height:400px\" srcset=\"https:\/\/acdi-asso.fr\/wp-content\/uploads\/2025\/09\/identite-audit-interne.png 709w, https:\/\/acdi-asso.fr\/wp-content\/uploads\/2025\/09\/identite-audit-interne-300x300.png 300w, https:\/\/acdi-asso.fr\/wp-content\/uploads\/2025\/09\/identite-audit-interne-150x150.png 150w\" sizes=\"auto, (max-width: 709px) 100vw, 709px\" \/><\/a><figcaption class=\"wp-element-caption\">notre proposition d&rsquo;audit<\/figcaption><\/figure>\n","protected":false},"excerpt":{"rendered":"<p>Vous vous posez des questions sur le design int\u00e9gr\u00e9, en r\u00e8gle g\u00e9n\u00e9rale. Vous vous posez des questions sur la valeur ajout\u00e9e d\u2019une telle structure. Vous \u00eates convaincu de la pertinence du design int\u00e9gr\u00e9, mais vous vous questionnez sur la mise en place d\u2019une structure. Vous avez d\u00e9j\u00e0 du design int\u00e9gr\u00e9, mais vous vous voulez le &hellip;<\/p>\n<p class=\"read-more\"> <a class=\"\" href=\"https:\/\/acdi-asso.fr\/index.php\/accompagnement\/\"> <span class=\"screen-reader-text\">Accompagnement<\/span> Lire la suite\u00a0\u00bb<\/a><\/p>\n","protected":false},"author":1,"featured_media":0,"parent":0,"menu_order":0,"comment_status":"closed","ping_status":"closed","template":"","meta":{"footnotes":""},"class_list":["post-748","page","type-page","status-publish","hentry"],"_links":{"self":[{"href":"https:\/\/acdi-asso.fr\/index.php\/wp-json\/wp\/v2\/pages\/748","targetHints":{"allow":["GET"]}}],"collection":[{"href":"https:\/\/acdi-asso.fr\/index.php\/wp-json\/wp\/v2\/pages"}],"about":[{"href":"https:\/\/acdi-asso.fr\/index.php\/wp-json\/wp\/v2\/types\/page"}],"author":[{"embeddable":true,"href":"https:\/\/acdi-asso.fr\/index.php\/wp-json\/wp\/v2\/users\/1"}],"replies":[{"embeddable":true,"href":"https:\/\/acdi-asso.fr\/index.php\/wp-json\/wp\/v2\/comments?post=748"}],"version-history":[{"count":4,"href":"https:\/\/acdi-asso.fr\/index.php\/wp-json\/wp\/v2\/pages\/748\/revisions"}],"predecessor-version":[{"id":1064,"href":"https:\/\/acdi-asso.fr\/index.php\/wp-json\/wp\/v2\/pages\/748\/revisions\/1064"}],"wp:attachment":[{"href":"https:\/\/acdi-asso.fr\/index.php\/wp-json\/wp\/v2\/media?parent=748"}],"curies":[{"name":"wp","href":"https:\/\/api.w.org\/{rel}","templated":true}]}}