{"id":67,"date":"2019-09-06T14:28:26","date_gmt":"2019-09-06T12:28:26","guid":{"rendered":"http:\/\/acdi-asso.fr\/?page_id=67"},"modified":"2020-09-04T15:48:45","modified_gmt":"2020-09-04T13:48:45","slug":"les-publications","status":"publish","type":"page","link":"https:\/\/acdi-asso.fr\/index.php\/les-publications\/","title":{"rendered":"Les publications"},"content":{"rendered":"\n<h4 class=\"wp-block-heading\"><a href=\"http:\/\/acdi-asso.fr\/index.php\/les-news\/\">Les news<\/a><\/h4>\n\n\n\n<p>Les news sont les comptes rendus de nos r\u00e9unions. La derni\u00e8re est en ligne sur le site, les archives sont accessibles aux adh\u00e9rents sur simple demande. <\/p>\n\n\n\n<h4 class=\"wp-block-heading\"><a href=\"http:\/\/acdi-asso.fr\/index.php\/les-barometres\/\">Les barom\u00e8tres<\/a><\/h4>\n\n\n\n<p>Les barom\u00e8tres de l\u2019acdi sont des sondages qui concernent les&nbsp; designers int\u00e9gr\u00e9s, leurs pratiques, leur place dans l\u2019entreprise, leurs niveaux de r\u00e9mun\u00e9ration, les recrutements, les jeunes designers. Le dernier barom\u00e8tre r\u00e9alis\u00e9 est disponible sur le site, les archives sont accessibles aux adh\u00e9rents sur simple demande.<\/p>\n\n\n\n<h4 class=\"wp-block-heading\"><a href=\"http:\/\/acdi-asso.fr\/index.php\/__trashed\/\">Autres publications<\/a><\/h4>\n\n\n\n<p>Nous vous proposons d&rsquo;autres ressources qui nous paraissent int\u00e9ressantes pour les designers int\u00e9gr\u00e9s.<\/p>\n\n\n\n<h4 class=\"has-text-color wp-block-heading\" style=\"color:#3bcc02\"><a href=\"http:\/\/acdi-asso.fr\/index.php\/archives-design-management-magazine-et-autres-articles-by-cdra\/\">Archives Design Management Magazine et autres articles by cdra<\/a><\/h4>\n\n\n\n<p>Nous avons d\u00e9cid\u00e9 de mettre en ligne les magazines et des articles Design Management que le cdra a \u00e9dit\u00e9 entre 2002 et 2009. <\/p>\n\n\n\n<p>Vous allez trouv\u00e9 que c&rsquo;est de l&rsquo;histoire ancienne, dans un sens vous n&rsquo;aurez pas tort, mais plusieurs num\u00e9ros parlent de m\u00e9thodes qui restent d&rsquo;actualit\u00e9 et nous avons la conviction que toute cette mati\u00e8re doit \u00eatre partag\u00e9e  ! Nous mettrons r\u00e9guli\u00e8rement en ligne toutes les archives que nous avons. Vous pouvez nous aider si vous voulez, il suffit de nous envoyer un mail pour ne pas faire de doublon. Nous sommes b\u00e9n\u00e9voles et ferons \u00e0 notre rythme et suivant nos possibilit\u00e9s et sommes surtout contents de partager toutes ces ressources avec vous ! <\/p>\n\n\n\n<p>Petite info : le cdra &#8211; centre du design Rh\u00f4ne-Alpes \u00e9tait une association de la r\u00e9gion du m\u00eame nom, cr\u00e9\u00e9e en 1991, cette structure avait pour objectif de participer au d\u00e9veloppement de la performance des entreprises par le Design, c&rsquo;\u00e9tait \u00e9galement un centre de ressources du design pour l&rsquo;entreprise.<\/p>\n","protected":false},"excerpt":{"rendered":"<p>Les news Les news sont les comptes rendus de nos r\u00e9unions. La derni\u00e8re est en ligne sur le site, les archives sont accessibles aux adh\u00e9rents sur simple demande. Les barom\u00e8tres Les barom\u00e8tres de l\u2019acdi sont des sondages qui concernent les&nbsp; designers int\u00e9gr\u00e9s, leurs pratiques, leur place dans l\u2019entreprise, leurs niveaux de r\u00e9mun\u00e9ration, les recrutements, les &hellip;<\/p>\n<p class=\"read-more\"> <a class=\"\" href=\"https:\/\/acdi-asso.fr\/index.php\/les-publications\/\"> <span class=\"screen-reader-text\">Les publications<\/span> Lire la suite\u00a0\u00bb<\/a><\/p>\n","protected":false},"author":1,"featured_media":0,"parent":0,"menu_order":0,"comment_status":"closed","ping_status":"closed","template":"","meta":{"footnotes":""},"class_list":["post-67","page","type-page","status-publish","hentry"],"_links":{"self":[{"href":"https:\/\/acdi-asso.fr\/index.php\/wp-json\/wp\/v2\/pages\/67","targetHints":{"allow":["GET"]}}],"collection":[{"href":"https:\/\/acdi-asso.fr\/index.php\/wp-json\/wp\/v2\/pages"}],"about":[{"href":"https:\/\/acdi-asso.fr\/index.php\/wp-json\/wp\/v2\/types\/page"}],"author":[{"embeddable":true,"href":"https:\/\/acdi-asso.fr\/index.php\/wp-json\/wp\/v2\/users\/1"}],"replies":[{"embeddable":true,"href":"https:\/\/acdi-asso.fr\/index.php\/wp-json\/wp\/v2\/comments?post=67"}],"version-history":[{"count":10,"href":"https:\/\/acdi-asso.fr\/index.php\/wp-json\/wp\/v2\/pages\/67\/revisions"}],"predecessor-version":[{"id":399,"href":"https:\/\/acdi-asso.fr\/index.php\/wp-json\/wp\/v2\/pages\/67\/revisions\/399"}],"wp:attachment":[{"href":"https:\/\/acdi-asso.fr\/index.php\/wp-json\/wp\/v2\/media?parent=67"}],"curies":[{"name":"wp","href":"https:\/\/api.w.org\/{rel}","templated":true}]}}