{"id":64,"date":"2019-09-06T14:26:43","date_gmt":"2019-09-06T12:26:43","guid":{"rendered":"http:\/\/acdi-asso.fr\/?page_id=64"},"modified":"2026-03-13T15:56:13","modified_gmt":"2026-03-13T14:56:13","slug":"les-barometres","status":"publish","type":"page","link":"https:\/\/acdi-asso.fr\/index.php\/les-barometres\/","title":{"rendered":"Les barom\u00e8tres"},"content":{"rendered":"\n<div class=\"wp-block-media-text is-stacked-on-mobile\" style=\"grid-template-columns:40% auto\"><figure class=\"wp-block-media-text__media\"><img loading=\"lazy\" decoding=\"async\" width=\"1024\" height=\"482\" src=\"https:\/\/acdi-asso.fr\/wp-content\/uploads\/2026\/03\/barometre-2026-1024x482.png\" alt=\"\" class=\"wp-image-1094 size-full\" srcset=\"https:\/\/acdi-asso.fr\/wp-content\/uploads\/2026\/03\/barometre-2026-1024x482.png 1024w, https:\/\/acdi-asso.fr\/wp-content\/uploads\/2026\/03\/barometre-2026-300x141.png 300w, https:\/\/acdi-asso.fr\/wp-content\/uploads\/2026\/03\/barometre-2026-768x362.png 768w, https:\/\/acdi-asso.fr\/wp-content\/uploads\/2026\/03\/barometre-2026-1536x723.png 1536w, https:\/\/acdi-asso.fr\/wp-content\/uploads\/2026\/03\/barometre-2026.png 2000w\" sizes=\"auto, (max-width: 1024px) 100vw, 1024px\" \/><\/figure><div class=\"wp-block-media-text__content\">\n<p>barom\u00e8tre designers int\u00e9gr\u00e9s 2026 &#8211; 227 r\u00e9ponses &#8211; <a href=\"http:\/\/acdi-asso.fr\/wp-content\/uploads\/2026\/03\/barometre-2026.pdf\">voir les r\u00e9sultats<\/a><\/p>\n<\/div><\/div>\n\n\n\n<hr class=\"wp-block-separator has-css-opacity\"\/>\n\n\n\n<p>Barom\u00e8tre designers int\u00e9gr\u00e9s 2023 &#8211; 162 r\u00e9ponses &#8211; <a href=\"http:\/\/acdi-asso.fr\/wp-content\/uploads\/2023\/05\/barometre-2023.png\" target=\"_blank\" rel=\"noreferrer noopener\">voir les r\u00e9sultats<\/a><\/p>\n\n\n\n<p><strong>Barom\u00e8tre jeunes designers dipl\u00f4m\u00e9s depuis 2015<\/strong> &#8211; \u00e9tude 2022 &#8211; 172 r\u00e9ponses &#8211; <a href=\"http:\/\/acdi-asso.fr\/wp-content\/uploads\/2022\/04\/2021-2022-etude-jeunes-designers-B.png\" target=\"_blank\" rel=\"noreferrer noopener\">voir les r\u00e9sultats<\/a><\/p>\n\n\n\n<p>Barom\u00e8tre \u00e9valuation de l&rsquo;impact du design dans votre entreprise &#8211; \u00e9tude 2020 &#8211; 52 r\u00e9ponses &#8211; <a href=\"http:\/\/acdi-asso.fr\/wp-content\/uploads\/2021\/02\/impactdesign.pdf\" target=\"_blank\" rel=\"noreferrer noopener\">voir le barom\u00e8tre<\/a><\/p>\n\n\n\n<p><strong>Barom\u00e8tre 2019\/2020<\/strong> : Jeunes designers dipl\u00f4m\u00e9s depuis 5 ans maximum &#8211;<a href=\"http:\/\/acdi-asso.fr\/wp-content\/uploads\/2019\/09\/2019intergrerledesign.pdf\"> <\/a><a href=\"http:\/\/acdi-asso.fr\/wp-content\/uploads\/2020\/02\/barome\u0300trejeunesdesigners2019.pdf\">voir le barom\u00e8tre&nbsp;complet<\/a><\/p>\n\n\n\n<p><strong>Pour les adh\u00e9rents, les barom\u00e8tres archiv\u00e9s sont disponibles sur simple demande : <\/strong><\/p>\n\n\n\n<p>2019 : Barom\u00e8tre sur l&rsquo;int\u00e9gration du design dans les entreprises.<\/p>\n\n\n\n<p>2018 : Etude sur les salaires des designers int\u00e9gr\u00e9s<\/p>\n\n\n\n<p>2016 : barom\u00e8tre sur le profil des designers int\u00e9gr\u00e9s et barom\u00e8tre jeunes designers<\/p>\n","protected":false},"excerpt":{"rendered":"<p>barom\u00e8tre designers int\u00e9gr\u00e9s 2026 &#8211; 227 r\u00e9ponses &#8211; voir les r\u00e9sultats Barom\u00e8tre designers int\u00e9gr\u00e9s 2023 &#8211; 162 r\u00e9ponses &#8211; voir les r\u00e9sultats Barom\u00e8tre jeunes designers dipl\u00f4m\u00e9s depuis 2015 &#8211; \u00e9tude 2022 &#8211; 172 r\u00e9ponses &#8211; voir les r\u00e9sultats Barom\u00e8tre \u00e9valuation de l&rsquo;impact du design dans votre entreprise &#8211; \u00e9tude 2020 &#8211; 52 r\u00e9ponses &#8211; voir &hellip;<\/p>\n<p class=\"read-more\"> <a class=\"\" href=\"https:\/\/acdi-asso.fr\/index.php\/les-barometres\/\"> <span class=\"screen-reader-text\">Les barom\u00e8tres<\/span> Lire la suite\u00a0\u00bb<\/a><\/p>\n","protected":false},"author":1,"featured_media":0,"parent":0,"menu_order":0,"comment_status":"closed","ping_status":"closed","template":"","meta":{"footnotes":""},"class_list":["post-64","page","type-page","status-publish","hentry"],"_links":{"self":[{"href":"https:\/\/acdi-asso.fr\/index.php\/wp-json\/wp\/v2\/pages\/64","targetHints":{"allow":["GET"]}}],"collection":[{"href":"https:\/\/acdi-asso.fr\/index.php\/wp-json\/wp\/v2\/pages"}],"about":[{"href":"https:\/\/acdi-asso.fr\/index.php\/wp-json\/wp\/v2\/types\/page"}],"author":[{"embeddable":true,"href":"https:\/\/acdi-asso.fr\/index.php\/wp-json\/wp\/v2\/users\/1"}],"replies":[{"embeddable":true,"href":"https:\/\/acdi-asso.fr\/index.php\/wp-json\/wp\/v2\/comments?post=64"}],"version-history":[{"count":19,"href":"https:\/\/acdi-asso.fr\/index.php\/wp-json\/wp\/v2\/pages\/64\/revisions"}],"predecessor-version":[{"id":1096,"href":"https:\/\/acdi-asso.fr\/index.php\/wp-json\/wp\/v2\/pages\/64\/revisions\/1096"}],"wp:attachment":[{"href":"https:\/\/acdi-asso.fr\/index.php\/wp-json\/wp\/v2\/media?parent=64"}],"curies":[{"name":"wp","href":"https:\/\/api.w.org\/{rel}","templated":true}]}}