{"id":43,"date":"2019-09-06T11:20:36","date_gmt":"2019-09-06T09:20:36","guid":{"rendered":"http:\/\/acdi-asso.fr\/?page_id=43"},"modified":"2026-01-12T20:10:49","modified_gmt":"2026-01-12T19:10:49","slug":"adherer","status":"publish","type":"page","link":"https:\/\/acdi-asso.fr\/index.php\/adherer\/","title":{"rendered":"Adh\u00e9rer"},"content":{"rendered":"\n<h3 class=\"wp-block-heading\"><strong>Bulletin d&rsquo;adh\u00e9sion<\/strong> &#8211; <a href=\"http:\/\/acdi-asso.fr\/wp-content\/uploads\/2026\/01\/bulletin2026.pdf\">voir et imprimer<\/a><\/h3>\n\n\n\n<p>L\u2019acdi est une\nassociation r\u00e9gie par la loi du 1<sup>er<\/sup> juillet 1901 et le d\u00e9cret du 16\nao\u00fbt 1901.<\/p>\n\n\n\n<p>Les membres du bureau sont b\u00e9n\u00e9voles.<\/p>\n\n\n\n<p>L\u2019adh\u00e9sion 2023 est inchang\u00e9e, elle reste  fix\u00e9e \u00e0 50 euros.<\/p>\n\n\n\n<p>L\u2019acc\u00e8s \u00e0 certaines publications, news\nou barom\u00e8tres est r\u00e9serv\u00e9 aux adh\u00e9rents.<\/p>\n\n\n\n<p>L\u2019adh\u00e9sion est destin\u00e9e aux designers int\u00e9gr\u00e9s en entreprise, sans restriction de m\u00e9tier ou d&rsquo;exp\u00e9rience. Les adh\u00e9sions permettent de couvrir les frais administratifs. <\/p>\n\n\n\n<h4 class=\"wp-block-heading\">Pour consulter les statuts de l&rsquo;association : <a href=\"http:\/\/acdi-asso.fr\/wp-content\/uploads\/2019\/09\/Statuts.pdf\">ouvrir le document<\/a><\/h4>\n","protected":false},"excerpt":{"rendered":"<p>Bulletin d&rsquo;adh\u00e9sion &#8211; voir et imprimer L\u2019acdi est une association r\u00e9gie par la loi du 1er juillet 1901 et le d\u00e9cret du 16 ao\u00fbt 1901. Les membres du bureau sont b\u00e9n\u00e9voles. L\u2019adh\u00e9sion 2023 est inchang\u00e9e, elle reste fix\u00e9e \u00e0 50 euros. L\u2019acc\u00e8s \u00e0 certaines publications, news ou barom\u00e8tres est r\u00e9serv\u00e9 aux adh\u00e9rents. L\u2019adh\u00e9sion est destin\u00e9e &hellip;<\/p>\n<p class=\"read-more\"> <a class=\"\" href=\"https:\/\/acdi-asso.fr\/index.php\/adherer\/\"> <span class=\"screen-reader-text\">Adh\u00e9rer<\/span> Lire la suite\u00a0\u00bb<\/a><\/p>\n","protected":false},"author":1,"featured_media":0,"parent":0,"menu_order":0,"comment_status":"closed","ping_status":"closed","template":"","meta":{"footnotes":""},"class_list":["post-43","page","type-page","status-publish","hentry"],"_links":{"self":[{"href":"https:\/\/acdi-asso.fr\/index.php\/wp-json\/wp\/v2\/pages\/43","targetHints":{"allow":["GET"]}}],"collection":[{"href":"https:\/\/acdi-asso.fr\/index.php\/wp-json\/wp\/v2\/pages"}],"about":[{"href":"https:\/\/acdi-asso.fr\/index.php\/wp-json\/wp\/v2\/types\/page"}],"author":[{"embeddable":true,"href":"https:\/\/acdi-asso.fr\/index.php\/wp-json\/wp\/v2\/users\/1"}],"replies":[{"embeddable":true,"href":"https:\/\/acdi-asso.fr\/index.php\/wp-json\/wp\/v2\/comments?post=43"}],"version-history":[{"count":14,"href":"https:\/\/acdi-asso.fr\/index.php\/wp-json\/wp\/v2\/pages\/43\/revisions"}],"predecessor-version":[{"id":1091,"href":"https:\/\/acdi-asso.fr\/index.php\/wp-json\/wp\/v2\/pages\/43\/revisions\/1091"}],"wp:attachment":[{"href":"https:\/\/acdi-asso.fr\/index.php\/wp-json\/wp\/v2\/media?parent=43"}],"curies":[{"name":"wp","href":"https:\/\/api.w.org\/{rel}","templated":true}]}}