{"id":154,"date":"2019-09-24T12:24:45","date_gmt":"2019-09-24T10:24:45","guid":{"rendered":"http:\/\/acdi-asso.fr\/?page_id=154"},"modified":"2022-01-18T11:52:52","modified_gmt":"2022-01-18T10:52:52","slug":"__trashed","status":"publish","type":"page","link":"https:\/\/acdi-asso.fr\/index.php\/__trashed\/","title":{"rendered":"Autres publications"},"content":{"rendered":"\n<div class=\"wp-block-media-text alignwide is-stacked-on-mobile is-vertically-aligned-top\" style=\"grid-template-columns:24% auto\"><figure class=\"wp-block-media-text__media\"><img loading=\"lazy\" decoding=\"async\" width=\"786\" height=\"1024\" src=\"http:\/\/acdi-asso.fr\/wp-content\/uploads\/2022\/01\/Capture-de\u0301cran-2022-01-18-a\u0300-11.30.14-786x1024.png\" alt=\"couverture livre\" class=\"wp-image-526 size-full\" srcset=\"https:\/\/acdi-asso.fr\/wp-content\/uploads\/2022\/01\/Capture-de\u0301cran-2022-01-18-a\u0300-11.30.14-786x1024.png 786w, https:\/\/acdi-asso.fr\/wp-content\/uploads\/2022\/01\/Capture-de\u0301cran-2022-01-18-a\u0300-11.30.14-230x300.png 230w, https:\/\/acdi-asso.fr\/wp-content\/uploads\/2022\/01\/Capture-de\u0301cran-2022-01-18-a\u0300-11.30.14-768x1001.png 768w, https:\/\/acdi-asso.fr\/wp-content\/uploads\/2022\/01\/Capture-de\u0301cran-2022-01-18-a\u0300-11.30.14.png 884w\" sizes=\"auto, (max-width: 786px) 100vw, 786px\" \/><\/figure><div class=\"wp-block-media-text__content\">\n<p class=\"has-normal-font-size\"><strong>Design impact&#8230; quand le design cr\u00e9e de la valeur pour l&rsquo;entreprise<\/strong><\/p>\n\n\n\n<p class=\"has-normal-font-size\">L\u2019ouvrage, r\u00e9alis\u00e9 sous la direction de Philippe Picaud, par une \u00e9quipe de designers, d\u2019entrepreneurs et d\u2019un chercheur<br>en design management, est l\u2019un des projets initi\u00e9s par le Coll\u00e8ge des designers, composante centrale de la mission Design.<\/p>\n\n\n\n<p class=\"has-normal-font-size\">\u00ab\u00a0Le niveau d\u2019exigence et de sophistication des consommateurs et usagers<br>ainsi que l\u2019environnement concurrentiel international n\u00e9cessitent une<br>approche nouvelle si d\u2019aucuns veulent se d\u00e9velopper. <\/p>\n\n\n\n<p class=\"has-normal-font-size\">Les quatre piliers de<br>l\u2019entreprise sur lesquels se penche le design sont fondamentaux pour r\u00e9ussir<br>\u00e0 \u00e9merger : l\u2019offre d\u2019abord, la marque ensuite (identit\u00e9, discours et valeurs),<br>la relation client et ses interfaces avec les points de contacts physiques et<br>digitaux, enfin les outils et m\u00e9thodologies internes \u00e0 l\u2019entreprise pour<br>transformer, faire \u00e9voluer, diffuser.<br>De nombreuses opportunit\u00e9s pour lesquelles le design sera un acteur<br>important de cr\u00e9ation de valeur gr\u00e2ce \u00e0 sa capacit\u00e9 \u00e0 se projeter dans un<br>futur, \u00e0 son empathie pour le client et \u00e0 l\u2019interpr\u00e9tation qu\u2019il fera des<br>attentes de celui-ci. Bien des comportements sont \u00e0 faire \u00e9voluer. Encore<br>faut-il en convaincre les d\u00e9cideurs de la puissance de ces actions.<\/p>\n\n\n\n<p class=\"has-normal-font-size\"><br>Le design est l\u2019expression tangible qui facilite l\u2019\u00e9volution des rapports entre<br>les personnes et leur environnement. Il permet l\u2019acc\u00e8s \u00e0 la transformation.<br>Il est un des moteurs de l\u2019entreprise.\u00a0\u00bb<br>Philippe Picaud<\/p>\n\n\n\n<p><a href=\"https:\/\/www.entreprises.gouv.fr\/files\/files\/directions_services\/secteurs-professionnels\/industrie\/design\/design-impact.pdf\" target=\"_blank\" rel=\"noreferrer noopener\">Lire le livre<\/a><\/p>\n<\/div><\/div>\n\n\n\n<div class=\"wp-block-media-text alignwide is-stacked-on-mobile\" style=\"grid-template-columns:24% auto\"><figure class=\"wp-block-media-text__media\"><img loading=\"lazy\" decoding=\"async\" width=\"416\" height=\"586\" src=\"http:\/\/acdi-asso.fr\/wp-content\/uploads\/2021\/09\/Capture-d\u2019e\u0301cran-2021-09-14-a\u0300-17.01.29.png\" alt=\"Couverture de la revue Sciences du Design n\u00b07\" class=\"wp-image-454 size-full\" srcset=\"https:\/\/acdi-asso.fr\/wp-content\/uploads\/2021\/09\/Capture-d\u2019e\u0301cran-2021-09-14-a\u0300-17.01.29.png 416w, https:\/\/acdi-asso.fr\/wp-content\/uploads\/2021\/09\/Capture-d\u2019e\u0301cran-2021-09-14-a\u0300-17.01.29-213x300.png 213w\" sizes=\"auto, (max-width: 416px) 100vw, 416px\" \/><\/figure><div class=\"wp-block-media-text__content\">\n<p class=\"has-normal-font-size\">La revue Sciences du Design consacre le num\u00e9ro 7 au Design management. Tous les articles sont consultables en ligne. <a rel=\"noreferrer noopener\" href=\"https:\/\/www.cairn.info\/revue-sciences-du-design-2018-1.htm\" target=\"_blank\">Voir la revue.<\/a><\/p>\n<\/div><\/div>\n\n\n\n<div class=\"wp-block-media-text alignwide is-stacked-on-mobile\" style=\"grid-template-columns:23% auto\"><figure class=\"wp-block-media-text__media\"><img loading=\"lazy\" decoding=\"async\" width=\"435\" height=\"616\" src=\"http:\/\/acdi-asso.fr\/wp-content\/uploads\/2019\/09\/Capture-d\u2019e\u0301cran-2019-09-24-a\u0300-11.09.44.png\" alt=\"capture d'\u00e9cran du livre design management de Brigitte Borja de Mozota\" class=\"wp-image-155 size-full\" srcset=\"https:\/\/acdi-asso.fr\/wp-content\/uploads\/2019\/09\/Capture-d\u2019e\u0301cran-2019-09-24-a\u0300-11.09.44.png 435w, https:\/\/acdi-asso.fr\/wp-content\/uploads\/2019\/09\/Capture-d\u2019e\u0301cran-2019-09-24-a\u0300-11.09.44-212x300.png 212w\" sizes=\"auto, (max-width: 435px) 100vw, 435px\" \/><\/figure><div class=\"wp-block-media-text__content\">\n<h4 class=\"has-text-align-left has-normal-font-size wp-block-heading\"><strong>Design Management &#8211; Brigitte Borja de Mozota &#8211; Editions Organisation.<\/strong><\/h4>\n\n\n\n<p class=\"has-normal-font-size\">Edit\u00e9 en 2002, ce livre pr\u00e9sente toutes les bases th\u00e9oriques et m\u00e9thodiques pour int\u00e9grer le design dans l&rsquo;entreprise. Illustr\u00e9 de nombreux exemples, il donne les cl\u00e9s pour g\u00e9rer un projet design de mani\u00e8re tr\u00e8s op\u00e9rationnelle et nous fait d\u00e9couvrir les secrets des plus grands designers d&rsquo;aujourd&rsquo;hui.<\/p>\n\n\n\n<p><a href=\"http:\/\/acdi-asso.fr\/wp-content\/uploads\/2019\/09\/Livre-complet.pdf\" target=\"_blank\" rel=\"noreferrer noopener\">Lire le livre<\/a><\/p>\n<\/div><\/div>\n\n\n\n<div class=\"wp-block-media-text alignwide is-stacked-on-mobile is-vertically-aligned-top\" style=\"grid-template-columns:23% auto\"><figure class=\"wp-block-media-text__media\"><img loading=\"lazy\" decoding=\"async\" width=\"401\" height=\"318\" src=\"http:\/\/acdi-asso.fr\/wp-content\/uploads\/2019\/09\/Capture-d\u2019e\u0301cran-2019-09-24-a\u0300-11.45.31.png\" alt=\"\" class=\"wp-image-158 size-full\" srcset=\"https:\/\/acdi-asso.fr\/wp-content\/uploads\/2019\/09\/Capture-d\u2019e\u0301cran-2019-09-24-a\u0300-11.45.31.png 401w, https:\/\/acdi-asso.fr\/wp-content\/uploads\/2019\/09\/Capture-d\u2019e\u0301cran-2019-09-24-a\u0300-11.45.31-300x238.png 300w\" sizes=\"auto, (max-width: 401px) 100vw, 401px\" \/><\/figure><div class=\"wp-block-media-text__content\">\n<h4 class=\"has-normal-font-size wp-block-heading\">Article : <strong>Quarante ans de recherche en Design Management : une revue de litt\u00e9rature et des pistes pour l&rsquo;avenir <\/strong>&#8211; Brigitte Borja de Mozota &#8211; Presses Universitaires de France | Sciences du Design.<\/h4>\n\n\n\n<p class=\"has-normal-font-size\">R\u00e9sum\u00e9<br> D\u00e9finir la recherche en Design Management (DM) revient \u00e0 faire se rencontrer deux interdisciplines, celle des sciences de gestion et celle des sciences du design. Et ici \u00e0 repr\u00e9senter leurs relations \u00e0 partir d\u2019une revue de litt\u00e9rature internationale de la recherche et des ouvrages publi\u00e9s sur la p\u00e9riode de 1977\u20132017. Ce qui conduit d\u2019abord \u00e0 d\u00e9finir le territoire hybride du DM par son contexte et ses mots-cl\u00e9s ; puis \u00e0 analyser les d\u00e9finitions du DM et la place du design dans l\u2019entreprise dans le temps ; ensuite, \u00e0 d\u00e9velopper les cinq crit\u00e8res-cl\u00e9s du DM (valeur du design, m\u00e9thodes et comp\u00e9tences design, outils, int\u00e9gration dans les autres fonctions, \u00ab meilleur manager par le design \u00bb) et, les mod\u00e8les-cl\u00e9s qui en d\u00e9coulent ; enfin,de cette revue de litt\u00e9rature \u00e9merge une repr\u00e9sentation de deux forces compl\u00e9mentaires du Design Management et design leadership.<\/p>\n<\/div><\/div>\n\n\n\n<h4 class=\"has-very-dark-gray-color has-text-color has-normal-font-size wp-block-heading\"><a href=\"http:\/\/acdi-asso.fr\/wp-content\/uploads\/2021\/04\/Les-quatre-pouvoirs-du-design.pdf\" target=\"_blank\" rel=\"noreferrer noopener\" aria-label=\"Article : Les quatre pouvoirs du design en entreprise : DesignenceTM, un mod\u00e8le de valeur en design management  - Brigitte Borja de Mozota, Professeur HDR Honoraire, Universit\u00e9 Paris X, Designence (s\u2019ouvre dans un nouvel onglet)\">Article : <strong>Les quatre pouvoirs du design en entreprise : DesignenceTM, un mod\u00e8le de valeur en design management<\/strong>  &#8211; Brigitte Borja de Mozota, Professeur HDR Honoraire, Universit\u00e9 Paris X, Designence<\/a><\/h4>\n\n\n\n<p class=\"has-normal-font-size\">Le mod\u00e8le DesignenceTMpropose une structure afin de r\u00e9duire l\u2019\u00e9cart entre le monde des designers et celui des managers. Illustrant sa th\u00e8se avec des exemples pris chez Steelcase, Decathlon, ainsi que d\u2019autres entreprises, Brigitte Borja de Mozota met en parall\u00e8le le pouvoir qu\u2019a le design de diff\u00e9rencier, d\u2019int\u00e9grer, de transformer, et de contribuer \u00e0 l\u2019entreprise et \u00e0 sa rentabilit\u00e9 en se focalisant sur les march\u00e9s, les processus, le talent, et les finances. <\/p>\n\n\n\n<h4 class=\"has-normal-font-size wp-block-heading\"><a rel=\"noreferrer noopener\" aria-label=\"Article : Valeur strat\u00e9gique du Design : Un mod\u00e8le de management du design - Article Paru dans Revue Fran\u00e7aise de Gestion - Volume 28 num\u00e9ro 138 avvril\/juin 2002 pages 75-95 - Brigitte Borja de Mozota, Ma\u00eetre de conf\u00e9rence HDR, Universit\u00e9 Paris X, Universit\u00e9 Paris Nancy 2. (s\u2019ouvre dans un nouvel onglet)\" href=\"http:\/\/acdi-asso.fr\/wp-content\/uploads\/2021\/04\/FR-RECH-VALUE-RFG-2002.pdf\" target=\"_blank\">Article : <strong>Valeur strat\u00e9gique du Design : Un mod\u00e8le de management du design <\/strong>&#8211; Article Paru dans Revue Fran\u00e7aise de Gestion &#8211; Volume 28 num\u00e9ro 138 avril\/juin 2002 pages 75-95 &#8211; Brigitte Borja de Mozota, Ma\u00eetre de conf\u00e9rence HDR, Universit\u00e9 Paris X, Universit\u00e9 Paris Nancy 2.<\/a><\/h4>\n\n\n\n<p class=\"has-normal-font-size\">R\u00e9sum\u00e9 : De nombreuses recherches montrent que le design cr\u00e9e un avantage comp\u00e9titif pour les entreprises par son impact sur la politique de produit et sur le management de l\u2019innovation .l\u2019auteur pr\u00e9sente un mod\u00e8le int\u00e9grateur pour expliquer les m\u00e9canismes de la cr\u00e9ation d\u2019avantages comp\u00e9titifs par le design en s\u2019appuyant sur le concept de cha\u00eene de valeur \u00e9labor\u00e9 par Michael Porter. <\/p>\n\n\n\n<p class=\"has-normal-font-size\">Sur la base d\u2019une enqu\u00eate men\u00e9e aupr\u00e8s de 33 entreprises europ\u00e9ennes ayant particip\u00e9 au Grand Prix Europ\u00e9en du Design ,cet\narticle analyse le r\u00f4le du design dans la politique d\u2019innovation , identifie les variables de mesure caract\u00e9ristiques du design\nmanagement et les classent selon le concept de cha\u00eene de valeur.\n<\/p>\n\n\n\n<p class=\"has-normal-font-size\">MOTS CLES : Design Management .Cha\u00eene de valeur .Michael Porter. Strat\u00e9gie . Management de l\u2019innovation.\n<\/p>\n","protected":false},"excerpt":{"rendered":"<p>Design impact&#8230; quand le design cr\u00e9e de la valeur pour l&rsquo;entreprise L\u2019ouvrage, r\u00e9alis\u00e9 sous la direction de Philippe Picaud, par une \u00e9quipe de designers, d\u2019entrepreneurs et d\u2019un chercheuren design management, est l\u2019un des projets initi\u00e9s par le Coll\u00e8ge des designers, composante centrale de la mission Design. \u00ab\u00a0Le niveau d\u2019exigence et de sophistication des consommateurs et &hellip;<\/p>\n<p class=\"read-more\"> <a class=\"\" href=\"https:\/\/acdi-asso.fr\/index.php\/__trashed\/\"> <span class=\"screen-reader-text\">Autres publications<\/span> Lire la suite\u00a0\u00bb<\/a><\/p>\n","protected":false},"author":1,"featured_media":0,"parent":0,"menu_order":0,"comment_status":"closed","ping_status":"closed","template":"","meta":{"footnotes":""},"class_list":["post-154","page","type-page","status-publish","hentry"],"_links":{"self":[{"href":"https:\/\/acdi-asso.fr\/index.php\/wp-json\/wp\/v2\/pages\/154","targetHints":{"allow":["GET"]}}],"collection":[{"href":"https:\/\/acdi-asso.fr\/index.php\/wp-json\/wp\/v2\/pages"}],"about":[{"href":"https:\/\/acdi-asso.fr\/index.php\/wp-json\/wp\/v2\/types\/page"}],"author":[{"embeddable":true,"href":"https:\/\/acdi-asso.fr\/index.php\/wp-json\/wp\/v2\/users\/1"}],"replies":[{"embeddable":true,"href":"https:\/\/acdi-asso.fr\/index.php\/wp-json\/wp\/v2\/comments?post=154"}],"version-history":[{"count":35,"href":"https:\/\/acdi-asso.fr\/index.php\/wp-json\/wp\/v2\/pages\/154\/revisions"}],"predecessor-version":[{"id":533,"href":"https:\/\/acdi-asso.fr\/index.php\/wp-json\/wp\/v2\/pages\/154\/revisions\/533"}],"wp:attachment":[{"href":"https:\/\/acdi-asso.fr\/index.php\/wp-json\/wp\/v2\/media?parent=154"}],"curies":[{"name":"wp","href":"https:\/\/api.w.org\/{rel}","templated":true}]}}